{"id":1059,"date":"2018-10-26T10:37:49","date_gmt":"2018-10-26T09:37:49","guid":{"rendered":"http:\/\/dolcino.mikado-themes.com\/?page_id=1059"},"modified":"2023-10-06T12:31:33","modified_gmt":"2023-10-06T11:31:33","slug":"contact-us","status":"publish","type":"page","link":"http:\/\/www.torte-spela.si\/index.php\/contact-us\/","title":{"rendered":"Povpra\u0161evanje"},"content":{"rendered":"<div class=\"wpb-content-wrapper\"><p>[vc_row content_text_aligment=&#8221;center&#8221; css=&#8221;.vc_custom_1591793987589{padding-top: 45px !important;padding-bottom: 50px !important;}&#8221;][vc_column offset=&#8221;vc_col-lg-offset-1 vc_col-lg-10&#8243;]<div class=\"mkdf-elements-holder   mkdf-one-column  mkdf-responsive-mode-768 \" ><div class=\"mkdf-eh-item    \"  data-item-class=\"mkdf-eh-custom-9981\" data-769-1024=\"0 5% 60px\" data-681-768=\"0 0 60px\" data-680=\"0 0 60px\">\n\t<div class=\"mkdf-eh-item-inner\">\n\t\t<div class=\"mkdf-eh-item-content mkdf-eh-custom-9981\" style=\"padding: 0 11% 60px\">\n\t\t\t<div class=\"mkdf-section-title-holder  mkdf-st-standard mkdf-st-title-left mkdf-st-normal-space \" >\n\t<div class=\"mkdf-st-inner\">\n                    <p class=\"mkdf-st-intro-text\"  > Pi\u0161ite nam! <\/p>\n        \t\t\t\t\t<h2 class=\"mkdf-st-title\" >\n\t\t\t\tpo\u0161ljite povpra\u0161evanje\t\t\t<\/h2>\n\t\t                    <div class=\"mkdf-separator-holder clearfix  mkdf-separator-center mkdf-separator-advanced-center mkdf-separator-advanced\">\n\t<div class=\"mkdf-separator\" >\n                    <div class=\"mkdf-adv-sep-inner\">\n                <div class=\"mkdf-adv-sep-line\"  ><\/div>\n                <div class=\"mkdf-adv-sep-dot\"  ><\/div>\n            <\/div>\n            <\/div>\n<\/div>\n        \t\t\t\t\t<h6 class=\"mkdf-st-text\" >\n\t\t\t\tIzpolnite spodnji obrazec in nam sporo\u010dite, kako vam lahko pomagamo. Naro\u010dil za izdelavo tort, sladic in drugih izdelkov ne sprejemamo. Ponujamo pa storitve izvedbe te\u010dajev in pomo\u010di pri izvedbi dogodkov.\t\t\t<\/h6>\n\t\t\t<\/div>\n<\/div>\t\t<\/div>\n\t<\/div>\n<\/div><\/div><div class=\"mkdf-elements-holder   mkdf-one-column  mkdf-responsive-mode-768 \" ><div class=\"mkdf-eh-item    \" style=\"background-image: url(http:\/\/www.torte-spela.si\/wp-content\/uploads\/2018\/11\/p3-img-1.jpg)\" data-item-class=\"mkdf-eh-custom-9095\" data-769-1024=\"0 0\" data-681-768=\"0px 5px 0px 5px\" data-680=\"0px 5px 0px 5px\">\n\t<div class=\"mkdf-eh-item-inner\">\n\t\t<div class=\"mkdf-eh-item-content mkdf-eh-custom-9095\" style=\"padding: 0 30px\">\n\t\t\t\n<div class=\"wpcf7 no-js\" id=\"wpcf7-f3705-o1\" lang=\"en-US\" dir=\"ltr\" data-wpcf7-id=\"3705\">\n<div class=\"screen-reader-response\"><p role=\"status\" aria-live=\"polite\" aria-atomic=\"true\"><\/p> <ul><\/ul><\/div>\n<form action=\"\/index.php\/wp-json\/wp\/v2\/pages\/1059#wpcf7-f3705-o1\" method=\"post\" class=\"wpcf7-form init cf7_custom_style_1\" aria-label=\"Contact form\" novalidate=\"novalidate\" data-status=\"init\">\n<div style=\"display: none;\">\n<input type=\"hidden\" name=\"_wpcf7\" value=\"3705\" \/>\n<input type=\"hidden\" name=\"_wpcf7_version\" value=\"6.0.4\" \/>\n<input type=\"hidden\" name=\"_wpcf7_locale\" value=\"en_US\" \/>\n<input type=\"hidden\" name=\"_wpcf7_unit_tag\" value=\"wpcf7-f3705-o1\" \/>\n<input type=\"hidden\" name=\"_wpcf7_container_post\" value=\"0\" \/>\n<input type=\"hidden\" name=\"_wpcf7_posted_data_hash\" value=\"\" \/>\n<\/div>\n<div class=\"mkdf-contact-form mkdf-grid-row mkdf-grid-tiny-gutter\">\n\t<div class=\"mkdf-grid-col-6\">\n\t\t<p><span class=\"wpcf7-form-control-wrap\" data-name=\"your-name\"><input size=\"40\" maxlength=\"400\" class=\"wpcf7-form-control wpcf7-text wpcf7-validates-as-required\" aria-required=\"true\" aria-invalid=\"false\" placeholder=\"Ime in priimek\" value=\"\" type=\"text\" name=\"your-name\" \/><\/span>\n\t\t<\/p>\n\t<\/div>\n\t<div class=\"mkdf-grid-col-6\">\n\t\t<p><span class=\"wpcf7-form-control-wrap\" data-name=\"your-subject\"><input size=\"40\" maxlength=\"400\" class=\"wpcf7-form-control wpcf7-text wpcf7-validates-as-required\" aria-required=\"true\" aria-invalid=\"false\" placeholder=\"Zadeva\" value=\"\" type=\"text\" name=\"your-subject\" \/><\/span>\n\t\t<\/p>\n\t<\/div>\n<\/div>\n<div class=\"mkdf-contact-form mkdf-grid-row mkdf-grid-tiny-gutter\">\n\t<div class=\"mkdf-grid-col-6\">\n\t\t<p><span class=\"wpcf7-form-control-wrap\" data-name=\"your-email\"><input size=\"40\" maxlength=\"400\" class=\"wpcf7-form-control wpcf7-email wpcf7-validates-as-required wpcf7-text wpcf7-validates-as-email\" aria-required=\"true\" aria-invalid=\"false\" placeholder=\"Email\" value=\"\" type=\"email\" name=\"your-email\" \/><\/span>\n\t\t<\/p>\n\t<\/div>\n\t<div class=\"mkdf-grid-col-6\">\n\t\t<p><span class=\"wpcf7-form-control-wrap\" data-name=\"your-phone\"><input size=\"40\" maxlength=\"400\" class=\"wpcf7-form-control wpcf7-tel wpcf7-validates-as-required wpcf7-text wpcf7-validates-as-tel\" aria-required=\"true\" aria-invalid=\"false\" placeholder=\"Telefonska \u0161t.\" value=\"\" type=\"tel\" name=\"your-phone\" \/><\/span>\n\t\t<\/p>\n\t<\/div>\n<\/div>\n<p><span class=\"wpcf7-form-control-wrap\" data-name=\"your-message\"><textarea cols=\"40\" rows=\"10\" maxlength=\"2000\" class=\"wpcf7-form-control wpcf7-textarea wpcf7-validates-as-required\" aria-required=\"true\" aria-invalid=\"false\" placeholder=\"Va\u0161e \u017eelje glede storitve, ki jo potrebujete in datum, kdaj na\u010drtujete dogodek.\" name=\"your-message\"><\/textarea><\/span>\n<\/p>\n<p><button class=\"wpcf7-form-control wpcf7-submit mkdf-btn mkdf-btn-medium mkdf-btn-solid mkdf-btn-with-additional-outline\" type=\"submit\"><span class=\"mkdf-btn-text\">po\u0161lji<\/span><\/button>\n<\/p><div class=\"wpcf7-response-output\" aria-hidden=\"true\"><\/div>\n<\/form>\n<\/div>\n\t\t<\/div>\n\t<\/div>\n<\/div><\/div>[\/vc_column][\/vc_row][vc_row row_content_width=&#8221;grid&#8221; css=&#8221;.vc_custom_1587247345915{padding-top: 45px !important;padding-bottom: 60px !important;}&#8221;][vc_column offset=&#8221;vc_col-lg-4 vc_col-md-12&#8243;][vc_empty_space]<div class=\"mkdf-working-hours-holder mkdf-wh-with-frame\" >\n\t<div class=\"mkdf-wh-holder-inner\">\n\t\t\t\t\t<div class=\"mkdf-wh-frame\"><\/div>\n\t\t\t<div class=\"mkdf-wh-frame-2\"><\/div>\n\t\t\n\t\t\t\t\t\t\n\t\t\t\t\t\t\t<div class=\"mkdf-wh-item clearfix\">\n\t\t\t\t\t<span class=\"mkdf-wh-day\">\n\t\t\t\t\t\tMonday\t\t\t\t\t<\/span>\n\t\t\t\t\t<span class=\"mkdf-wh-dots\"><span class=\"mkdf-wh-dots-inner\"><\/span><\/span>\n\t\t\t\t\t<span class=\"mkdf-wh-hours\">\n\t\t\t\t\t\t\t\t\t\t\t\t\t<span class=\"mkdf-wh-from\">09:00<\/span>\n\t\t\t\t\t\t\n\t\t\t\t\t\t\t\t\t\t\t\t\t<span class=\"mkdf-wh-delimiter\">-<\/span>\n\t\t\t\t\t\t\t<span class=\"mkdf-wh-to\">15:00h<\/span>\n\t\t\t\t\t\t\t\t\t\t\t<\/span>\n\t\t\t\t<\/div>\n\t\t\t\t\t\t\t<div class=\"mkdf-wh-item clearfix\">\n\t\t\t\t\t<span class=\"mkdf-wh-day\">\n\t\t\t\t\t\tTuesday\t\t\t\t\t<\/span>\n\t\t\t\t\t<span class=\"mkdf-wh-dots\"><span class=\"mkdf-wh-dots-inner\"><\/span><\/span>\n\t\t\t\t\t<span class=\"mkdf-wh-hours\">\n\t\t\t\t\t\t\t\t\t\t\t\t\t<span class=\"mkdf-wh-from\">09:00<\/span>\n\t\t\t\t\t\t\n\t\t\t\t\t\t\t\t\t\t\t\t\t<span class=\"mkdf-wh-delimiter\">-<\/span>\n\t\t\t\t\t\t\t<span class=\"mkdf-wh-to\">15:00h<\/span>\n\t\t\t\t\t\t\t\t\t\t\t<\/span>\n\t\t\t\t<\/div>\n\t\t\t\t\t\t\t<div class=\"mkdf-wh-item clearfix\">\n\t\t\t\t\t<span class=\"mkdf-wh-day\">\n\t\t\t\t\t\tWednesday\t\t\t\t\t<\/span>\n\t\t\t\t\t<span class=\"mkdf-wh-dots\"><span class=\"mkdf-wh-dots-inner\"><\/span><\/span>\n\t\t\t\t\t<span class=\"mkdf-wh-hours\">\n\t\t\t\t\t\t\t\t\t\t\t\t\t<span class=\"mkdf-wh-from\">09:00<\/span>\n\t\t\t\t\t\t\n\t\t\t\t\t\t\t\t\t\t\t\t\t<span class=\"mkdf-wh-delimiter\">-<\/span>\n\t\t\t\t\t\t\t<span class=\"mkdf-wh-to\">15:00h<\/span>\n\t\t\t\t\t\t\t\t\t\t\t<\/span>\n\t\t\t\t<\/div>\n\t\t\t\t\t\t\t<div class=\"mkdf-wh-item clearfix\">\n\t\t\t\t\t<span class=\"mkdf-wh-day\">\n\t\t\t\t\t\tThursday\t\t\t\t\t<\/span>\n\t\t\t\t\t<span class=\"mkdf-wh-dots\"><span class=\"mkdf-wh-dots-inner\"><\/span><\/span>\n\t\t\t\t\t<span class=\"mkdf-wh-hours\">\n\t\t\t\t\t\t\t\t\t\t\t\t\t<span class=\"mkdf-wh-from\">09:00<\/span>\n\t\t\t\t\t\t\n\t\t\t\t\t\t\t\t\t\t\t\t\t<span class=\"mkdf-wh-delimiter\">-<\/span>\n\t\t\t\t\t\t\t<span class=\"mkdf-wh-to\">15:00h<\/span>\n\t\t\t\t\t\t\t\t\t\t\t<\/span>\n\t\t\t\t<\/div>\n\t\t\t\t\t\t\t<div class=\"mkdf-wh-item clearfix\">\n\t\t\t\t\t<span class=\"mkdf-wh-day\">\n\t\t\t\t\t\tFriday\t\t\t\t\t<\/span>\n\t\t\t\t\t<span class=\"mkdf-wh-dots\"><span class=\"mkdf-wh-dots-inner\"><\/span><\/span>\n\t\t\t\t\t<span class=\"mkdf-wh-hours\">\n\t\t\t\t\t\t\t\t\t\t\t\t\t<span class=\"mkdf-wh-from\">09:00<\/span>\n\t\t\t\t\t\t\n\t\t\t\t\t\t\t\t\t\t\t\t\t<span class=\"mkdf-wh-delimiter\">-<\/span>\n\t\t\t\t\t\t\t<span class=\"mkdf-wh-to\">15:00h<\/span>\n\t\t\t\t\t\t\t\t\t\t\t<\/span>\n\t\t\t\t<\/div>\n\t\t\t\t\t\t<\/div>\n<\/div>[\/vc_column][vc_column offset=&#8221;vc_col-lg-8 vc_col-md-12&#8243;]<div class=\"mkdf-elements-holder   mkdf-one-column  mkdf-responsive-mode-768 \" ><div class=\"mkdf-eh-item    \"  data-item-class=\"mkdf-eh-custom-2215\" data-1025-1366=\"15px 0 0 35px\" data-769-1024=\"50px 0 0\" data-681-768=\"50px 0 0\" data-680=\"50px 0 0\">\n\t<div class=\"mkdf-eh-item-inner\">\n\t\t<div class=\"mkdf-eh-item-content mkdf-eh-custom-2215\" style=\"padding: 32px 0 0 35px\">\n\t\t\t[vc_column_text]<\/p>\n<h3>Kdaj in kako smo dosegljivi?<\/h3>\n<p>[\/vc_column_text]<div class=\"mkdf-separator-holder clearfix  mkdf-separator-left mkdf-separator-advanced-left mkdf-separator-advanced\">\n\t<div class=\"mkdf-separator\" style=\"margin-top: 32px;margin-bottom: 1px\">\n                    <div class=\"mkdf-adv-sep-inner\">\n                <div class=\"mkdf-adv-sep-line\"  ><\/div>\n                <div class=\"mkdf-adv-sep-dot\"  ><\/div>\n            <\/div>\n            <\/div>\n<\/div>\n[vc_column_text]<\/p>\n<h6>Na telefonske klice sem dosegljiva od ponedeljka do petka med 9. in 15. uro. V primeru, da se ne morem takoj oglasiti na telefon, vas bom poklicala nazaj takoj, ko bom lahko. Najbolje pa je, \u010de mi po\u0161ljete sporo\u010dilo na e-naslov. Opi\u0161ite va\u0161e \u017eelje in dodajte kontaktne podatke.<\/h6>\n<p>[\/vc_column_text]\t\t<\/div>\n\t<\/div>\n<\/div><\/div>[vc_empty_space height=&#8221;33px&#8221;]<div class=\"mkdf-elements-holder   mkdf-two-columns  mkdf-responsive-mode-768 \" ><div class=\"mkdf-eh-item  mkdf-vertical-alignment-top  \"  data-item-class=\"mkdf-eh-custom-9798\" data-769-1024=\"0 0 0 0\" data-681-768=\"0 0 50px\" data-680=\"0 0 50px\">\n\t<div class=\"mkdf-eh-item-inner\">\n\t\t<div class=\"mkdf-eh-item-content mkdf-eh-custom-9798\" style=\"padding: 0 0 0 35px\">\n\t\t\t<div class=\"mkdf-iwt clearfix  mkdf-iwt-icon-left mkdf-iwt-icon-medium\">\n\t<div class=\"mkdf-iwt-icon\">\n\t\t\t\t\t<a itemprop=\"url\" href=\"tel:0038631343181\" target=\"_self\">\n\t\t\t\t\t\t\t\t\t        <span class=\"mkdf-icon-shortcode mkdf-normal   mkdf-icon-medium\"  data-color=\"#c19d56\">\n                            <span aria-hidden=\"true\" class=\"mkdf-icon-linear-icons lnr lnr-phone-handset mkdf-icon-element\" style=\"color: #c19d56;font-size:26px\" ><\/span>                    <\/span>\n\t\t\t\t\t\t\t\t<\/a>\n\t\t\t<\/div>\n\t<div class=\"mkdf-iwt-content\" >\n\t\t\t\t\t<p class=\"mkdf-iwt-title\" style=\"margin-top: 11px\">\n\t\t\t\t\t\t\t\t\t<a itemprop=\"url\" href=\"tel:0038631343181\" target=\"_self\">\n\t\t\t\t\t\t\t\t<span class=\"mkdf-iwt-title-text\">+386 31 343 181<\/span>\n\t\t\t\t\t\t\t\t\t<\/a>\n\t\t\t\t\t\t\t<\/p>\n\t\t\t\t\t<\/div>\n<\/div>[vc_empty_space height=&#8221;12px&#8221;]<div class=\"mkdf-iwt clearfix  mkdf-iwt-icon-left mkdf-iwt-icon-medium\">\n\t<div class=\"mkdf-iwt-icon\">\n\t\t\t\t\t<a itemprop=\"url\" href=\"http:\/\/instagram.com\/sweetartbyspela\" target=\"_self\">\n\t\t\t\t\t\t\t\t\t        <span class=\"mkdf-icon-shortcode mkdf-normal   mkdf-icon-medium\"  data-color=\"#c19d56\">\n                            <span aria-hidden=\"true\" class=\"mkdf-icon-linear-icons lnr lnr-laptop-phone mkdf-icon-element\" style=\"color: #c19d56;font-size:26px\" ><\/span>                    <\/span>\n\t\t\t\t\t\t\t\t<\/a>\n\t\t\t<\/div>\n\t<div class=\"mkdf-iwt-content\" >\n\t\t\t\t\t<p class=\"mkdf-iwt-title\" style=\"margin-top: 11px\">\n\t\t\t\t\t\t\t\t\t<a itemprop=\"url\" href=\"http:\/\/instagram.com\/sweetartbyspela\" target=\"_self\">\n\t\t\t\t\t\t\t\t<span class=\"mkdf-iwt-title-text\">instagram.com\/sweetartbyspela<\/span>\n\t\t\t\t\t\t\t\t\t<\/a>\n\t\t\t\t\t\t\t<\/p>\n\t\t\t\t\t<\/div>\n<\/div>\t\t<\/div>\n\t<\/div>\n<\/div><div class=\"mkdf-eh-item  mkdf-vertical-alignment-top  \"  data-item-class=\"mkdf-eh-custom-7518\" data-680=\"0 0\">\n\t<div class=\"mkdf-eh-item-inner\">\n\t\t<div class=\"mkdf-eh-item-content mkdf-eh-custom-7518\" >\n\t\t\t<div class=\"mkdf-iwt clearfix  mkdf-iwt-icon-left mkdf-iwt-icon-medium\">\n\t<div class=\"mkdf-iwt-icon\">\n\t\t\t\t\t<a itemprop=\"url\" href=\"mailto:info@torte-spela.si\" target=\"_self\">\n\t\t\t\t\t\t\t\t\t        <span class=\"mkdf-icon-shortcode mkdf-normal   mkdf-icon-medium\"  data-color=\"#c19d56\">\n                            <span aria-hidden=\"true\" class=\"mkdf-icon-linear-icons lnr lnr-envelope mkdf-icon-element\" style=\"color: #c19d56;font-size:26px\" ><\/span>                    <\/span>\n\t\t\t\t\t\t\t\t<\/a>\n\t\t\t<\/div>\n\t<div class=\"mkdf-iwt-content\" >\n\t\t\t\t\t<p class=\"mkdf-iwt-title\" style=\"margin-top: 11px\">\n\t\t\t\t\t\t\t\t\t<a itemprop=\"url\" href=\"mailto:info@torte-spela.si\" target=\"_self\">\n\t\t\t\t\t\t\t\t<span class=\"mkdf-iwt-title-text\">info@torte-spela.si<\/span>\n\t\t\t\t\t\t\t\t\t<\/a>\n\t\t\t\t\t\t\t<\/p>\n\t\t\t\t\t<\/div>\n<\/div>[vc_empty_space height=&#8221;12px&#8221;]<div class=\"mkdf-iwt clearfix  mkdf-iwt-icon-left mkdf-iwt-icon-medium\">\n\t<div class=\"mkdf-iwt-icon\">\n\t\t\t\t\t<a itemprop=\"url\" href=\"http:\/\/facebook.com\/sweetartbyspela\" target=\"_blank\">\n\t\t\t\t\t\t\t\t\t        <span class=\"mkdf-icon-shortcode mkdf-normal   mkdf-icon-medium\"  data-color=\"#c19d56\">\n                            <span aria-hidden=\"true\" class=\"mkdf-icon-linear-icons lnr lnr-laptop-phone mkdf-icon-element\" style=\"color: #c19d56;font-size:26px\" ><\/span>                    <\/span>\n\t\t\t\t\t\t\t\t<\/a>\n\t\t\t<\/div>\n\t<div class=\"mkdf-iwt-content\" >\n\t\t\t\t\t<p class=\"mkdf-iwt-title\" style=\"margin-top: 11px\">\n\t\t\t\t\t\t\t\t\t<a itemprop=\"url\" href=\"http:\/\/facebook.com\/sweetartbyspela\" target=\"_blank\">\n\t\t\t\t\t\t\t\t<span class=\"mkdf-iwt-title-text\">facebook.com\/sweetartbyspela<\/span>\n\t\t\t\t\t\t\t\t\t<\/a>\n\t\t\t\t\t\t\t<\/p>\n\t\t\t\t\t<\/div>\n<\/div>\t\t<\/div>\n\t<\/div>\n<\/div><\/div>[\/vc_column][\/vc_row]<\/p>\n<\/div>","protected":false},"excerpt":{"rendered":"<p>[vc_row content_text_aligment=&#8221;center&#8221; css=&#8221;.vc_custom_1591793987589{padding-top: 45px !important;padding-bottom: 50px !important;}&#8221;][vc_column offset=&#8221;vc_col-lg-offset-1 vc_col-lg-10&#8243;][\/vc_column][\/vc_row][vc_row row_content_width=&#8221;grid&#8221; css=&#8221;.vc_custom_1587247345915{padding-top: 45px !important;padding-bottom: 60px !important;}&#8221;][vc_column offset=&#8221;vc_col-lg-4 vc_col-md-12&#8243;][vc_empty_space][\/vc_column][vc_column offset=&#8221;vc_col-lg-8 vc_col-md-12&#8243;][vc_empty_space height=&#8221;33px&#8221;][\/vc_column][\/vc_row]<\/p>\n","protected":false},"author":1,"featured_media":0,"parent":0,"menu_order":0,"comment_status":"closed","ping_status":"closed","template":"full-width.php","meta":{"footnotes":""},"class_list":["post-1059","page","type-page","status-publish","hentry"],"_links":{"self":[{"href":"http:\/\/www.torte-spela.si\/index.php\/wp-json\/wp\/v2\/pages\/1059","targetHints":{"allow":["GET"]}}],"collection":[{"href":"http:\/\/www.torte-spela.si\/index.php\/wp-json\/wp\/v2\/pages"}],"about":[{"href":"http:\/\/www.torte-spela.si\/index.php\/wp-json\/wp\/v2\/types\/page"}],"author":[{"embeddable":true,"href":"http:\/\/www.torte-spela.si\/index.php\/wp-json\/wp\/v2\/users\/1"}],"replies":[{"embeddable":true,"href":"http:\/\/www.torte-spela.si\/index.php\/wp-json\/wp\/v2\/comments?post=1059"}],"version-history":[{"count":41,"href":"http:\/\/www.torte-spela.si\/index.php\/wp-json\/wp\/v2\/pages\/1059\/revisions"}],"predecessor-version":[{"id":4554,"href":"http:\/\/www.torte-spela.si\/index.php\/wp-json\/wp\/v2\/pages\/1059\/revisions\/4554"}],"wp:attachment":[{"href":"http:\/\/www.torte-spela.si\/index.php\/wp-json\/wp\/v2\/media?parent=1059"}],"curies":[{"name":"wp","href":"https:\/\/api.w.org\/{rel}","templated":true}]}}